{"id":125,"date":"2023-08-29T22:23:37","date_gmt":"2023-08-29T20:23:37","guid":{"rendered":"https:\/\/www.darm-vital.ch\/?page_id=125"},"modified":"2024-01-24T21:52:36","modified_gmt":"2024-01-24T20:52:36","slug":"angebote-darmvital","status":"publish","type":"page","link":"https:\/\/www.darm-vital.ch\/index.php\/angebote-darmvital\/","title":{"rendered":"Angebot"},"content":{"rendered":"\n<h3 class=\"wp-block-heading\">Kennenlerngespr\u00e4ch<\/h3>\n\n\n\n<figure class=\"wp-block-image size-full\"><img loading=\"lazy\" decoding=\"async\" width=\"1000\" height=\"500\" src=\"https:\/\/www.darm-vital.ch\/wp-content\/uploads\/2023\/09\/banner_kennenlerngespraech.png\" alt=\"H\u00e4nde mit einem Smiley\" class=\"wp-image-159\" srcset=\"https:\/\/www.darm-vital.ch\/wp-content\/uploads\/2023\/09\/banner_kennenlerngespraech.png 1000w, https:\/\/www.darm-vital.ch\/wp-content\/uploads\/2023\/09\/banner_kennenlerngespraech-300x150.png 300w, https:\/\/www.darm-vital.ch\/wp-content\/uploads\/2023\/09\/banner_kennenlerngespraech-768x384.png 768w, https:\/\/www.darm-vital.ch\/wp-content\/uploads\/2023\/09\/banner_kennenlerngespraech-120x60.png 120w, https:\/\/www.darm-vital.ch\/wp-content\/uploads\/2023\/09\/banner_kennenlerngespraech-600x300.png 600w\" sizes=\"auto, (max-width: 1000px) 100vw, 1000px\" \/><\/figure>\n\n\n\n<p>15 Minuten | telefonisch oder vor Ort | kostenlos<\/p>\n\n\n\n<h3 class=\"wp-block-heading\">Beratungsgespr\u00e4ch<\/h3>\n\n\n\n<figure class=\"wp-block-image size-full\"><img loading=\"lazy\" decoding=\"async\" width=\"1000\" height=\"500\" src=\"https:\/\/www.darm-vital.ch\/wp-content\/uploads\/2023\/09\/beratungsgesbraech_banner.png\" alt=\"Hand h\u00e4lt einen Stift und schreibt einen Text auf\" class=\"wp-image-160\" srcset=\"https:\/\/www.darm-vital.ch\/wp-content\/uploads\/2023\/09\/beratungsgesbraech_banner.png 1000w, https:\/\/www.darm-vital.ch\/wp-content\/uploads\/2023\/09\/beratungsgesbraech_banner-300x150.png 300w, https:\/\/www.darm-vital.ch\/wp-content\/uploads\/2023\/09\/beratungsgesbraech_banner-768x384.png 768w, https:\/\/www.darm-vital.ch\/wp-content\/uploads\/2023\/09\/beratungsgesbraech_banner-120x60.png 120w, https:\/\/www.darm-vital.ch\/wp-content\/uploads\/2023\/09\/beratungsgesbraech_banner-600x300.png 600w\" sizes=\"auto, (max-width: 1000px) 100vw, 1000px\" \/><\/figure>\n\n\n\n<p>50 Minuten | vor Ort | CHF 100.00<\/p>\n\n\n\n<h3 class=\"wp-block-heading\">Mikrobiomanalyse<\/h3>\n\n\n\n<figure class=\"wp-block-image size-full\"><img loading=\"lazy\" decoding=\"async\" width=\"1000\" height=\"500\" src=\"https:\/\/www.darm-vital.ch\/wp-content\/uploads\/2023\/09\/banner_mikrobiomanalyse.png\" alt=\"Abbildung eines Darmes\" class=\"wp-image-161\" srcset=\"https:\/\/www.darm-vital.ch\/wp-content\/uploads\/2023\/09\/banner_mikrobiomanalyse.png 1000w, https:\/\/www.darm-vital.ch\/wp-content\/uploads\/2023\/09\/banner_mikrobiomanalyse-300x150.png 300w, https:\/\/www.darm-vital.ch\/wp-content\/uploads\/2023\/09\/banner_mikrobiomanalyse-768x384.png 768w, https:\/\/www.darm-vital.ch\/wp-content\/uploads\/2023\/09\/banner_mikrobiomanalyse-120x60.png 120w, https:\/\/www.darm-vital.ch\/wp-content\/uploads\/2023\/09\/banner_mikrobiomanalyse-600x300.png 600w\" sizes=\"auto, (max-width: 1000px) 100vw, 1000px\" \/><\/figure>\n\n\n\n<p>individuell und nach Vereinbarung<\/p>\n\n\n\n<h3 class=\"wp-block-heading\">Fetts\u00e4ureanalyse<\/h3>\n\n\n\n<figure class=\"wp-block-image size-large\"><img loading=\"lazy\" decoding=\"async\" width=\"1024\" height=\"682\" src=\"https:\/\/www.darm-vital.ch\/wp-content\/uploads\/2023\/11\/omega3-1024x682.jpg\" alt=\"Omega3 gesunde Lebensmittel\" class=\"wp-image-165\" srcset=\"https:\/\/www.darm-vital.ch\/wp-content\/uploads\/2023\/11\/omega3-1024x682.jpg 1024w, https:\/\/www.darm-vital.ch\/wp-content\/uploads\/2023\/11\/omega3-300x200.jpg 300w, https:\/\/www.darm-vital.ch\/wp-content\/uploads\/2023\/11\/omega3-768x512.jpg 768w, https:\/\/www.darm-vital.ch\/wp-content\/uploads\/2023\/11\/omega3-1536x1024.jpg 1536w, https:\/\/www.darm-vital.ch\/wp-content\/uploads\/2023\/11\/omega3-90x60.jpg 90w, https:\/\/www.darm-vital.ch\/wp-content\/uploads\/2023\/11\/omega3-600x400.jpg 600w, https:\/\/www.darm-vital.ch\/wp-content\/uploads\/2023\/11\/omega3.jpg 2000w\" sizes=\"auto, (max-width: 1024px) 100vw, 1024px\" \/><\/figure>\n\n\n\n<p>Analyse CHF 120.00<\/p>\n","protected":false},"excerpt":{"rendered":"<p>Kennenlerngespr\u00e4ch 15 Minuten | telefonisch oder vor Ort | kostenlos Beratungsgespr\u00e4ch 50 Minuten | vor Ort | CHF 100.00 Mikrobiomanalyse individuell und nach Vereinbarung Fetts\u00e4ureanalyse Analyse CHF 120.00<\/p>\n","protected":false},"author":1,"featured_media":0,"parent":0,"menu_order":0,"comment_status":"closed","ping_status":"closed","template":"","meta":{"footnotes":""},"class_list":["post-125","page","type-page","status-publish","hentry","latest_post"],"_links":{"self":[{"href":"https:\/\/www.darm-vital.ch\/index.php\/wp-json\/wp\/v2\/pages\/125","targetHints":{"allow":["GET"]}}],"collection":[{"href":"https:\/\/www.darm-vital.ch\/index.php\/wp-json\/wp\/v2\/pages"}],"about":[{"href":"https:\/\/www.darm-vital.ch\/index.php\/wp-json\/wp\/v2\/types\/page"}],"author":[{"embeddable":true,"href":"https:\/\/www.darm-vital.ch\/index.php\/wp-json\/wp\/v2\/users\/1"}],"replies":[{"embeddable":true,"href":"https:\/\/www.darm-vital.ch\/index.php\/wp-json\/wp\/v2\/comments?post=125"}],"version-history":[{"count":13,"href":"https:\/\/www.darm-vital.ch\/index.php\/wp-json\/wp\/v2\/pages\/125\/revisions"}],"predecessor-version":[{"id":179,"href":"https:\/\/www.darm-vital.ch\/index.php\/wp-json\/wp\/v2\/pages\/125\/revisions\/179"}],"wp:attachment":[{"href":"https:\/\/www.darm-vital.ch\/index.php\/wp-json\/wp\/v2\/media?parent=125"}],"curies":[{"name":"wp","href":"https:\/\/api.w.org\/{rel}","templated":true}]}}